{"id":74,"date":"2025-12-17T10:19:17","date_gmt":"2025-12-17T10:19:17","guid":{"rendered":"https:\/\/fincascastillogarcia.com\/?page_id=74"},"modified":"2025-12-17T10:43:49","modified_gmt":"2025-12-17T10:43:49","slug":"declaracion-de-accesibilidad","status":"publish","type":"page","link":"https:\/\/fincascastillogarcia.com\/index.php\/declaracion-de-accesibilidad\/","title":{"rendered":"Declaraci\u00f3n de accesibilidad"},"content":{"rendered":"<p>[et_pb_section fb_built=\u00bb1&#8243; fullwidth=\u00bbon\u00bb theme_builder_area=\u00bbpost_content\u00bb _builder_version=\u00bb4.27.4&#8243; _module_preset=\u00bbdefault\u00bb][et_pb_fullwidth_header title=\u00bbDeclaraci\u00f3n de accesibilidad\u00bb _builder_version=\u00bb4.27.4&#8243; _module_preset=\u00bbdefault\u00bb theme_builder_area=\u00bbpost_content\u00bb hover_enabled=\u00bb0&#8243; sticky_enabled=\u00bb0&#8243; background_color=\u00bbRGBA(255,255,255,0)\u00bb title_text_color=\u00bb#920045&#8243; box_shadow_style=\u00bbpreset6&#8243;][\/et_pb_fullwidth_header][\/et_pb_section][et_pb_section fb_built=\u00bb1&#8243; theme_builder_area=\u00bbpost_content\u00bb _builder_version=\u00bb4.27.4&#8243; _module_preset=\u00bbdefault\u00bb][et_pb_row _builder_version=\u00bb4.27.4&#8243; _module_preset=\u00bbdefault\u00bb theme_builder_area=\u00bbpost_content\u00bb custom_margin=\u00bb-75px|auto||auto||\u00bb][et_pb_column _builder_version=\u00bb4.27.4&#8243; _module_preset=\u00bbdefault\u00bb type=\u00bb4_4&#8243; theme_builder_area=\u00bbpost_content\u00bb][et_pb_text _builder_version=\u00bb4.27.4&#8243; _module_preset=\u00bbdefault\u00bb theme_builder_area=\u00bbpost_content\u00bb hover_enabled=\u00bb0&#8243; sticky_enabled=\u00bb0&#8243;]<\/p>\n<p>Estamos comprometidos a hacer accesible nuestro sitio web de conformidad con el Real Decreto 1112\/2018, de 7 de septiembre , sobre accesibilidad de los sitios web y aplicaciones para dispositivos m\u00f3viles del sector p\u00fablico (en adelante, Real Decreto 1112\/2018, de 7 de septiembre).<br \/>Situaci\u00f3n de cumplimiento<br \/>Este sitio web es parcialmente conforme con el Real Decreto 1112\/2018, de 7 de septiembre, debido a la falta de conformidad de los aspectos que se indican a continuaci\u00f3n.<br \/>Contenido no accesible<br \/>El contenido que se recoge a continuaci\u00f3n no es accesible por lo siguiente:<br \/>1. Falta de conformidad con el Real Decreto 1112\/2018, de 7 de septiembre: podr\u00edan existir fallos puntuales de edici\u00f3n en alguna p\u00e1gina web, tanto en contenidos HTML como en documentos finales, publicados en fecha posterior al 20 de septiembre de 2018 (fecha de entrada en vigor del Real Decreto 1112\/2018, de 7 de septiembre). Concretamente puede haber errores en aquellos documentos que contienen gr\u00e1ficos, tablas complejas o en aquellos firmados electr\u00f3nicamente antes de su revisi\u00f3n de accesibilidad.<br \/>2. Carga desproporcionada: no aplica.<br \/>3. El contenido no entra dentro del \u00e1mbito de la legislaci\u00f3n aplicable: Existen archivos ofim\u00e1ticos en PDF u otros formatos publicados antes del 20 de septiembre de 2018 que no cumplen en su totalidad todos los requisitos de accesibilidad; tambi\u00e9n pueden estar en esa situaci\u00f3n contenidos de terceros no financiados, ni desarrollados, ni bajo el control de este Ministerio.<\/p>\n<p>Preparaci\u00f3n de la presente declaraci\u00f3n de accesibilidad<br \/>La presente declaraci\u00f3n fue preparada el 2025-12-17<br \/>El m\u00e9todo empleado para preparar la declaraci\u00f3n ha sido una autoevaluaci\u00f3n llevada a cabo por la propia empresa.<br \/>Observaciones y datos de contacto<br \/>Puede realizar comunicaciones sobre requisitos de accesibilidad (art\u00edculo 10.2.a) del Real Decreto 1112\/2018, de 7 de septiembre) como, por ejemplo:<br \/>\u2022 Informar sobre cualquier posible incumplimiento por parte de este sitio web.<br \/>\u2022 Transmitir otras dificultades de acceso al contenido.<br \/>\u2022 Formular cualquier otra consulta o sugerencia de mejora relativa a la accesibilidad del sitio web.<\/p>\n<p>A trav\u00e9s de las siguientes v\u00edas:<br \/>\u2022 Correo electr\u00f3nico: info@fincascastillogarcia.com<br \/>\u2022 Tel\u00e9fono: 963 115 903<\/p>\n<p>Las comunicaciones ser\u00e1n recibidas y tratadas por la direcci\u00f3n de la empresa, como unidad responsable de los contenidos de este sitio web.<br \/>Contenido opcional<br \/>La versi\u00f3n actualmente visible de este sitio web es de 2025-12-17y en esa fecha se hizo la revisi\u00f3n del nivel de accesibilidad vigente en el momento.<br \/>A partir de dicha fecha se llevan a cabo revisiones parciales diarias del contenido web nuevo o modificado, tanto de las plantillas como de las p\u00e1ginas y documentos finales publicados, a fin de asegurar el cumplimiento de los requerimientos de accesibilidad de la Norma UNE-EN 301549:2019, considerando las excepciones del Real Decreto 1112\/2018, de 7 de septiembre.<br \/>Entre otras se adoptan las siguientes medidas para facilitar la accesibilidad:<br \/>\u2022 Utilizaci\u00f3n de texto alternativo en las im\u00e1genes<br \/>\u2022 Los enlaces ofrecen detalles de la funci\u00f3n o destino del hiperv\u00ednculo<br \/>\u2022 Uso de los est\u00e1ndares del W3C: XHTML 1.0, CSS 3.0, WAI AA.<\/p>\n<p>[\/et_pb_text][\/et_pb_column][\/et_pb_row][\/et_pb_section]<\/p>\n","protected":false},"excerpt":{"rendered":"<p>Estamos comprometidos a hacer accesible nuestro sitio web de conformidad con el Real Decreto 1112\/2018, de 7 de septiembre , sobre accesibilidad de los sitios web y aplicaciones para dispositivos m\u00f3viles del sector p\u00fablico (en adelante, Real Decreto 1112\/2018, de 7 de septiembre).Situaci\u00f3n de cumplimientoEste sitio web es parcialmente conforme con el Real Decreto 1112\/2018, [&hellip;]<\/p>\n","protected":false},"author":1,"featured_media":0,"parent":0,"menu_order":0,"comment_status":"closed","ping_status":"closed","template":"","meta":{"_et_pb_use_builder":"on","_et_pb_old_content":"","_et_gb_content_width":"","footnotes":""},"class_list":["post-74","page","type-page","status-publish","hentry"],"_links":{"self":[{"href":"https:\/\/fincascastillogarcia.com\/index.php\/wp-json\/wp\/v2\/pages\/74","targetHints":{"allow":["GET"]}}],"collection":[{"href":"https:\/\/fincascastillogarcia.com\/index.php\/wp-json\/wp\/v2\/pages"}],"about":[{"href":"https:\/\/fincascastillogarcia.com\/index.php\/wp-json\/wp\/v2\/types\/page"}],"author":[{"embeddable":true,"href":"https:\/\/fincascastillogarcia.com\/index.php\/wp-json\/wp\/v2\/users\/1"}],"replies":[{"embeddable":true,"href":"https:\/\/fincascastillogarcia.com\/index.php\/wp-json\/wp\/v2\/comments?post=74"}],"version-history":[{"count":4,"href":"https:\/\/fincascastillogarcia.com\/index.php\/wp-json\/wp\/v2\/pages\/74\/revisions"}],"predecessor-version":[{"id":90,"href":"https:\/\/fincascastillogarcia.com\/index.php\/wp-json\/wp\/v2\/pages\/74\/revisions\/90"}],"wp:attachment":[{"href":"https:\/\/fincascastillogarcia.com\/index.php\/wp-json\/wp\/v2\/media?parent=74"}],"curies":[{"name":"wp","href":"https:\/\/api.w.org\/{rel}","templated":true}]}}